{"id":1823,"date":"2016-01-07T13:00:04","date_gmt":"2016-01-07T13:00:04","guid":{"rendered":"https:\/\/nosquera10.com.mialias.net\/?page_id=1823"},"modified":"2016-01-07T13:00:04","modified_gmt":"2016-01-07T13:00:04","slug":"aviso-legal","status":"publish","type":"page","link":"https:\/\/nosquera10.com\/?page_id=1823","title":{"rendered":"Aviso legal"},"content":{"rendered":"<div class=\"vc_row wpb_row vc_row-fluid column-default\" data-offset=\"\"><div class=\"vc_column_wrapper clearfix\">\n\t<div class=\"vc_col-sm-12  wpb_column vc_column_container   list-none    text-align-none  text-rp-left \">\n\t\n\t\t<div class=\"wpb_wrapper\">\n\t\t\t<div class=\"vc_empty_space\"  style=\"height: 5px\" ><span class=\"vc_empty_space_inner\"><\/span><\/div>\n\n\t<div class=\"wpb_text_column wpb_content_element \">\n\t\t<div class=\"wpb_wrapper\">\n\t\t\t<h2>AVISO LEGAL<\/h2>\n<h3>TITULARIDAD<\/h3>\n<p>La p\u00e1gina web www.nosquera10.com es propiedad de ALEJANDRO GOMEZ VARO, con dni: 33378233N y domicilio en c\/ Nosquera, 10-1\u00ba-izda de M\u00e1laga.<\/p>\n<p>El propietario, pone a disposici\u00f3n de los usuarios el presente documento con el que pretende dar cumplimiento a las obligaciones dispuestas en la Ley 34\/2002, de Servicios de la Sociedad de la Informaci\u00f3n y del Comercio Electr\u00f3nico (LSSI-CE), as\u00ed como informar a todos los usuarios del sitio web respecto a cu\u00e1les son las condiciones de uso del sitio web.<\/p>\n<p>Toda persona que acceda a este sitio web asume el papel de usuario, comprometi\u00e9ndose a la observancia y cumplimiento riguroso de las disposiciones aqu\u00ed dispuestas, as\u00ed como a cualesquiera otra disposici\u00f3n legal que fuera de aplicaci\u00f3n.<\/p>\n<p>El propietario se reserva el derecho a modificar cualquier tipo de informaci\u00f3n que pudiera aparecer en el sitio web, sin que exista obligaci\u00f3n de preavisar o poner en conocimiento de los usuarios dichas obligaciones, entendi\u00e9ndose como suficiente con la publicaci\u00f3n en el sitio web del propietario.<\/p>\n<h3>Responsabilidad<\/h3>\n<p>El propietario se exime de cualquier tipo de responsabilidad derivada de la informaci\u00f3n publicada en su sitio web, siempre que esta informaci\u00f3n haya sido manipulada o introducida por un tercero ajeno al mismo.<\/p>\n<p>El sitio web del propietario puede utilizar cookies (peque\u00f1os archivos de informaci\u00f3n que el servidor env\u00eda al ordenador de quien accede a la p\u00e1gina) para llevar a cabo determinadas funciones que son consideradas imprescindibles para el correcto funcionamiento y visualizaci\u00f3n del sitio. Las cookies utilizadas en el sitio web tienen, en todo caso, car\u00e1cter temporal con la \u00fanica finalidad de hacer m\u00e1s eficaz su transmisi\u00f3n ulterior y desaparecen al terminar la sesi\u00f3n del usuario. En ning\u00fan caso se utilizar\u00e1n las cookies para recoger informaci\u00f3n de car\u00e1cter personal.<\/p>\n<p>Este sitio web ha sido revisado y probado para que funcione correctamente. En principio, puede garantizarse el correcto funcionamiento los 365 d\u00edas del a\u00f1o, 24 horas al d\u00eda. No obstante, el propietario no descarta la posibilidad de que existan ciertos errores de programaci\u00f3n, o que acontezcan causas de fuerza mayor, cat\u00e1strofes naturales, huelgas, o circunstancias semejantes que hagan imposible el acceso a la p\u00e1gina web.<\/p>\n<h3>Ley Aplicable y Jurisdicci\u00f3n<\/h3>\n<p>Para la resoluci\u00f3n de todas las controversias o cuestiones relacionadas con el presente sitio web o de las actividades en \u00e9l desarrolladas, ser\u00e1 de aplicaci\u00f3n la legislaci\u00f3n espa\u00f1ola, a la que se someten expresamente las partes, siendo competentes para la resoluci\u00f3n de todos los conflictos derivados o relacionados con su uso los Juzgados y Tribunales de M\u00e1laga.<\/p>\n\n\t\t<\/div>\n\t<\/div>\n<div class=\"vc_empty_space\"  style=\"height: 36px\" ><span class=\"vc_empty_space_inner\"><\/span><\/div>\n\n\t\t<\/div> \n\t<\/div> \n<\/div><\/div>\n","protected":false},"excerpt":{"rendered":"AVISO LEGAL TITULARIDAD La p\u00e1gina web www.nosquera10.com es propiedad de ALEJANDRO GOMEZ VARO, con dni: 33378233N y domicilio en c\/ Nosquera, 10-1\u00ba-izda de M\u00e1laga. El propietario, pone a disposici\u00f3n de los usuarios el presente documento con el que pretende dar cumplimiento a las obligaciones dispuestas en la Ley 34\/2002, de Servicios de la Sociedad de [...]","protected":false},"author":1,"featured_media":0,"parent":0,"menu_order":0,"comment_status":"closed","ping_status":"closed","template":"","meta":{"footnotes":""},"class_list":["post-1823","page","type-page","status-publish","hentry"],"yoast_head":"<!-- This site is optimized with the Yoast SEO plugin v23.8 - https:\/\/yoast.com\/wordpress\/plugins\/seo\/ -->\n<title>Aviso legal - Nosquera 10<\/title>\n<meta name=\"robots\" content=\"index, follow, max-snippet:-1, max-image-preview:large, max-video-preview:-1\" \/>\n<link rel=\"canonical\" href=\"https:\/\/nosquera10.com\/?page_id=1823\" \/>\n<meta property=\"og:locale\" content=\"es_ES\" \/>\n<meta property=\"og:type\" content=\"article\" \/>\n<meta property=\"og:title\" content=\"Aviso legal - Nosquera 10\" \/>\n<meta property=\"og:url\" content=\"https:\/\/nosquera10.com\/?page_id=1823\" \/>\n<meta property=\"og:site_name\" content=\"Nosquera 10\" \/>\n<meta name=\"twitter:label1\" content=\"Tiempo de lectura\" \/>\n\t<meta name=\"twitter:data1\" content=\"2 minutos\" \/>\n<script type=\"application\/ld+json\" class=\"yoast-schema-graph\">{\"@context\":\"https:\/\/schema.org\",\"@graph\":[{\"@type\":\"WebPage\",\"@id\":\"https:\/\/nosquera10.com\/?page_id=1823\",\"url\":\"https:\/\/nosquera10.com\/?page_id=1823\",\"name\":\"Aviso legal - Nosquera 10\",\"isPartOf\":{\"@id\":\"https:\/\/nosquera10.com\/#website\"},\"datePublished\":\"2016-01-07T13:00:04+00:00\",\"dateModified\":\"2016-01-07T13:00:04+00:00\",\"breadcrumb\":{\"@id\":\"https:\/\/nosquera10.com\/?page_id=1823#breadcrumb\"},\"inLanguage\":\"es\",\"potentialAction\":[{\"@type\":\"ReadAction\",\"target\":[\"https:\/\/nosquera10.com\/?page_id=1823\"]}]},{\"@type\":\"BreadcrumbList\",\"@id\":\"https:\/\/nosquera10.com\/?page_id=1823#breadcrumb\",\"itemListElement\":[{\"@type\":\"ListItem\",\"position\":1,\"name\":\"Portada\",\"item\":\"https:\/\/nosquera10.com\/\"},{\"@type\":\"ListItem\",\"position\":2,\"name\":\"Aviso legal\"}]},{\"@type\":\"WebSite\",\"@id\":\"https:\/\/nosquera10.com\/#website\",\"url\":\"https:\/\/nosquera10.com\/\",\"name\":\"Nosquera 10\",\"description\":\"\",\"potentialAction\":[{\"@type\":\"SearchAction\",\"target\":{\"@type\":\"EntryPoint\",\"urlTemplate\":\"https:\/\/nosquera10.com\/?s={search_term_string}\"},\"query-input\":{\"@type\":\"PropertyValueSpecification\",\"valueRequired\":true,\"valueName\":\"search_term_string\"}}],\"inLanguage\":\"es\"}]}<\/script>\n<!-- \/ Yoast SEO plugin. -->","yoast_head_json":{"title":"Aviso legal - Nosquera 10","robots":{"index":"index","follow":"follow","max-snippet":"max-snippet:-1","max-image-preview":"max-image-preview:large","max-video-preview":"max-video-preview:-1"},"canonical":"https:\/\/nosquera10.com\/?page_id=1823","og_locale":"es_ES","og_type":"article","og_title":"Aviso legal - Nosquera 10","og_url":"https:\/\/nosquera10.com\/?page_id=1823","og_site_name":"Nosquera 10","twitter_misc":{"Tiempo de lectura":"2 minutos"},"schema":{"@context":"https:\/\/schema.org","@graph":[{"@type":"WebPage","@id":"https:\/\/nosquera10.com\/?page_id=1823","url":"https:\/\/nosquera10.com\/?page_id=1823","name":"Aviso legal - Nosquera 10","isPartOf":{"@id":"https:\/\/nosquera10.com\/#website"},"datePublished":"2016-01-07T13:00:04+00:00","dateModified":"2016-01-07T13:00:04+00:00","breadcrumb":{"@id":"https:\/\/nosquera10.com\/?page_id=1823#breadcrumb"},"inLanguage":"es","potentialAction":[{"@type":"ReadAction","target":["https:\/\/nosquera10.com\/?page_id=1823"]}]},{"@type":"BreadcrumbList","@id":"https:\/\/nosquera10.com\/?page_id=1823#breadcrumb","itemListElement":[{"@type":"ListItem","position":1,"name":"Portada","item":"https:\/\/nosquera10.com\/"},{"@type":"ListItem","position":2,"name":"Aviso legal"}]},{"@type":"WebSite","@id":"https:\/\/nosquera10.com\/#website","url":"https:\/\/nosquera10.com\/","name":"Nosquera 10","description":"","potentialAction":[{"@type":"SearchAction","target":{"@type":"EntryPoint","urlTemplate":"https:\/\/nosquera10.com\/?s={search_term_string}"},"query-input":{"@type":"PropertyValueSpecification","valueRequired":true,"valueName":"search_term_string"}}],"inLanguage":"es"}]}},"_links":{"self":[{"href":"https:\/\/nosquera10.com\/index.php?rest_route=\/wp\/v2\/pages\/1823","targetHints":{"allow":["GET"]}}],"collection":[{"href":"https:\/\/nosquera10.com\/index.php?rest_route=\/wp\/v2\/pages"}],"about":[{"href":"https:\/\/nosquera10.com\/index.php?rest_route=\/wp\/v2\/types\/page"}],"author":[{"embeddable":true,"href":"https:\/\/nosquera10.com\/index.php?rest_route=\/wp\/v2\/users\/1"}],"replies":[{"embeddable":true,"href":"https:\/\/nosquera10.com\/index.php?rest_route=%2Fwp%2Fv2%2Fcomments&post=1823"}],"version-history":[{"count":3,"href":"https:\/\/nosquera10.com\/index.php?rest_route=\/wp\/v2\/pages\/1823\/revisions"}],"predecessor-version":[{"id":1826,"href":"https:\/\/nosquera10.com\/index.php?rest_route=\/wp\/v2\/pages\/1823\/revisions\/1826"}],"wp:attachment":[{"href":"https:\/\/nosquera10.com\/index.php?rest_route=%2Fwp%2Fv2%2Fmedia&parent=1823"}],"curies":[{"name":"wp","href":"https:\/\/api.w.org\/{rel}","templated":true}]}}