{"id":1827,"date":"2016-01-07T13:02:08","date_gmt":"2016-01-07T13:02:08","guid":{"rendered":"https:\/\/nosquera10.com.mialias.net\/?page_id=1827"},"modified":"2016-01-07T13:02:08","modified_gmt":"2016-01-07T13:02:08","slug":"politica-privacidad-datos","status":"publish","type":"page","link":"https:\/\/nosquera10.com\/?page_id=1827","title":{"rendered":"Pol\u00edtica de privacidad de datos"},"content":{"rendered":"<div class=\"vc_row wpb_row vc_row-fluid column-default\" data-offset=\"\"><div class=\"vc_column_wrapper clearfix\">\n\t<div class=\"vc_col-sm-12  wpb_column vc_column_container   list-none    text-align-none  text-rp-left \">\n\t\n\t\t<div class=\"wpb_wrapper\">\n\t\t\t<div class=\"vc_empty_space\"  style=\"height: 5px\" ><span class=\"vc_empty_space_inner\"><\/span><\/div>\n\n\t<div class=\"wpb_text_column wpb_content_element \">\n\t\t<div class=\"wpb_wrapper\">\n\t\t\t<h2>Protecci\u00f3n de datos personales<\/h2>\n<p>Que en cumplimiento de lo establecido en la Ley Org\u00e1nica 15\/1999, de 13 de diciembre, de Protecci\u00f3n de Datos de Car\u00e1cter Personal (LOPD), Nosquera10, y el Usuario consiente que:<\/p>\n<p>Dado que el despacho Nosquera 10 est\u00e1 formado por ASESORIA NAVAS TORRECILLA, SLP, GRUPO FOR EDU K, SL, ALEJANDRO GOMEZ VARO, NIEVES SANCHEZ VIGUERAS Y ANTONIO GIL REINA, todos los datos de car\u00e1cter personal facilitados por los Usuarios a trav\u00e9s de los formularios de recogida de datos de la web ser\u00e1n incorporados a los ficheros automatizados de datos de car\u00e1cter personal individuales cuyos responsables son las sociedades y profesionales indicados anteriormente. Dichas sociedades y profesionales tratar\u00e1n los datos personales facilitados de forma confidencial y con el fin de poder hacer frente a las consultas recibidas por los usuarios.<\/p>\n<p>Si usted no desea que alguno de estas sociedades o profesionales acceda a los datos del formulario, no debe rellenarlo ni enviar dato alguno.<\/p>\n<p>El usuario podr\u00e1 ejercer los derechos de acceso, rectificaci\u00f3n, cancelaci\u00f3n y oposici\u00f3n mediante solicitud dirigida a la direcci\u00f3n\u00a0info@nosquera10.com o correo postal a la direcci\u00f3n indicada en nuestra p\u00e1gina web, y dicha solicitud se comunicar\u00e1 a cada uno de las sociedades y profesionales integrantes de Nosquera 10 indicados anteriormente, quienes dar\u00e1n curso a dicha solicitud. La solicitud deber\u00e1 indicar el nombre y apellidos del usuario, domicilio a efectos de notificaciones, fotocopia del Documento de Identidad o pasaporte e indicaci\u00f3n del derecho que se ejerce.<\/p>\n<p>El Usuario autoriza de forma expresa la cesi\u00f3n de sus datos personales solicitados a las finalidades antes relacionadas.<\/p>\n\n\t\t<\/div>\n\t<\/div>\n<div class=\"vc_empty_space\"  style=\"height: 36px\" ><span class=\"vc_empty_space_inner\"><\/span><\/div>\n\n\t\t<\/div> \n\t<\/div> \n<\/div><\/div>\n","protected":false},"excerpt":{"rendered":"Protecci\u00f3n de datos personales Que en cumplimiento de lo establecido en la Ley Org\u00e1nica 15\/1999, de 13 de diciembre, de Protecci\u00f3n de Datos de Car\u00e1cter Personal (LOPD), Nosquera10, y el Usuario consiente que: Dado que el despacho Nosquera 10 est\u00e1 formado por ASESORIA NAVAS TORRECILLA, SLP, GRUPO FOR EDU K, SL, ALEJANDRO GOMEZ VARO, NIEVES [...]","protected":false},"author":1,"featured_media":0,"parent":0,"menu_order":0,"comment_status":"closed","ping_status":"closed","template":"","meta":{"footnotes":""},"class_list":["post-1827","page","type-page","status-publish","hentry"],"yoast_head":"<!-- This site is optimized with the Yoast SEO plugin v23.8 - https:\/\/yoast.com\/wordpress\/plugins\/seo\/ -->\n<title>Pol\u00edtica de privacidad de datos - Nosquera 10<\/title>\n<meta name=\"robots\" content=\"index, follow, max-snippet:-1, max-image-preview:large, max-video-preview:-1\" \/>\n<link rel=\"canonical\" href=\"https:\/\/nosquera10.com\/?page_id=1827\" \/>\n<meta property=\"og:locale\" content=\"es_ES\" \/>\n<meta property=\"og:type\" content=\"article\" \/>\n<meta property=\"og:title\" content=\"Pol\u00edtica de privacidad de datos - Nosquera 10\" \/>\n<meta property=\"og:url\" content=\"https:\/\/nosquera10.com\/?page_id=1827\" \/>\n<meta property=\"og:site_name\" content=\"Nosquera 10\" \/>\n<meta name=\"twitter:label1\" content=\"Tiempo de lectura\" \/>\n\t<meta name=\"twitter:data1\" content=\"1 minuto\" \/>\n<script type=\"application\/ld+json\" class=\"yoast-schema-graph\">{\"@context\":\"https:\/\/schema.org\",\"@graph\":[{\"@type\":\"WebPage\",\"@id\":\"https:\/\/nosquera10.com\/?page_id=1827\",\"url\":\"https:\/\/nosquera10.com\/?page_id=1827\",\"name\":\"Pol\u00edtica de privacidad de datos - Nosquera 10\",\"isPartOf\":{\"@id\":\"https:\/\/nosquera10.com\/#website\"},\"datePublished\":\"2016-01-07T13:02:08+00:00\",\"dateModified\":\"2016-01-07T13:02:08+00:00\",\"breadcrumb\":{\"@id\":\"https:\/\/nosquera10.com\/?page_id=1827#breadcrumb\"},\"inLanguage\":\"es\",\"potentialAction\":[{\"@type\":\"ReadAction\",\"target\":[\"https:\/\/nosquera10.com\/?page_id=1827\"]}]},{\"@type\":\"BreadcrumbList\",\"@id\":\"https:\/\/nosquera10.com\/?page_id=1827#breadcrumb\",\"itemListElement\":[{\"@type\":\"ListItem\",\"position\":1,\"name\":\"Portada\",\"item\":\"https:\/\/nosquera10.com\/\"},{\"@type\":\"ListItem\",\"position\":2,\"name\":\"Pol\u00edtica de privacidad de datos\"}]},{\"@type\":\"WebSite\",\"@id\":\"https:\/\/nosquera10.com\/#website\",\"url\":\"https:\/\/nosquera10.com\/\",\"name\":\"Nosquera 10\",\"description\":\"\",\"potentialAction\":[{\"@type\":\"SearchAction\",\"target\":{\"@type\":\"EntryPoint\",\"urlTemplate\":\"https:\/\/nosquera10.com\/?s={search_term_string}\"},\"query-input\":{\"@type\":\"PropertyValueSpecification\",\"valueRequired\":true,\"valueName\":\"search_term_string\"}}],\"inLanguage\":\"es\"}]}<\/script>\n<!-- \/ Yoast SEO plugin. -->","yoast_head_json":{"title":"Pol\u00edtica de privacidad de datos - Nosquera 10","robots":{"index":"index","follow":"follow","max-snippet":"max-snippet:-1","max-image-preview":"max-image-preview:large","max-video-preview":"max-video-preview:-1"},"canonical":"https:\/\/nosquera10.com\/?page_id=1827","og_locale":"es_ES","og_type":"article","og_title":"Pol\u00edtica de privacidad de datos - Nosquera 10","og_url":"https:\/\/nosquera10.com\/?page_id=1827","og_site_name":"Nosquera 10","twitter_misc":{"Tiempo de lectura":"1 minuto"},"schema":{"@context":"https:\/\/schema.org","@graph":[{"@type":"WebPage","@id":"https:\/\/nosquera10.com\/?page_id=1827","url":"https:\/\/nosquera10.com\/?page_id=1827","name":"Pol\u00edtica de privacidad de datos - Nosquera 10","isPartOf":{"@id":"https:\/\/nosquera10.com\/#website"},"datePublished":"2016-01-07T13:02:08+00:00","dateModified":"2016-01-07T13:02:08+00:00","breadcrumb":{"@id":"https:\/\/nosquera10.com\/?page_id=1827#breadcrumb"},"inLanguage":"es","potentialAction":[{"@type":"ReadAction","target":["https:\/\/nosquera10.com\/?page_id=1827"]}]},{"@type":"BreadcrumbList","@id":"https:\/\/nosquera10.com\/?page_id=1827#breadcrumb","itemListElement":[{"@type":"ListItem","position":1,"name":"Portada","item":"https:\/\/nosquera10.com\/"},{"@type":"ListItem","position":2,"name":"Pol\u00edtica de privacidad de datos"}]},{"@type":"WebSite","@id":"https:\/\/nosquera10.com\/#website","url":"https:\/\/nosquera10.com\/","name":"Nosquera 10","description":"","potentialAction":[{"@type":"SearchAction","target":{"@type":"EntryPoint","urlTemplate":"https:\/\/nosquera10.com\/?s={search_term_string}"},"query-input":{"@type":"PropertyValueSpecification","valueRequired":true,"valueName":"search_term_string"}}],"inLanguage":"es"}]}},"_links":{"self":[{"href":"https:\/\/nosquera10.com\/index.php?rest_route=\/wp\/v2\/pages\/1827","targetHints":{"allow":["GET"]}}],"collection":[{"href":"https:\/\/nosquera10.com\/index.php?rest_route=\/wp\/v2\/pages"}],"about":[{"href":"https:\/\/nosquera10.com\/index.php?rest_route=\/wp\/v2\/types\/page"}],"author":[{"embeddable":true,"href":"https:\/\/nosquera10.com\/index.php?rest_route=\/wp\/v2\/users\/1"}],"replies":[{"embeddable":true,"href":"https:\/\/nosquera10.com\/index.php?rest_route=%2Fwp%2Fv2%2Fcomments&post=1827"}],"version-history":[{"count":2,"href":"https:\/\/nosquera10.com\/index.php?rest_route=\/wp\/v2\/pages\/1827\/revisions"}],"predecessor-version":[{"id":1829,"href":"https:\/\/nosquera10.com\/index.php?rest_route=\/wp\/v2\/pages\/1827\/revisions\/1829"}],"wp:attachment":[{"href":"https:\/\/nosquera10.com\/index.php?rest_route=%2Fwp%2Fv2%2Fmedia&parent=1827"}],"curies":[{"name":"wp","href":"https:\/\/api.w.org\/{rel}","templated":true}]}}