{"id":215,"date":"2015-09-30T09:01:34","date_gmt":"2015-09-30T09:01:34","guid":{"rendered":"http:\/\/tn.joomexp.com\/wordpress\/wp-trust\/?page_id=215"},"modified":"2024-01-19T08:02:49","modified_gmt":"2024-01-19T08:02:49","slug":"contacto","status":"publish","type":"page","link":"https:\/\/nosquera10.com\/?page_id=215","title":{"rendered":"Contacto"},"content":{"rendered":"<div class=\"vc_row wpb_row vc_row-fluid column-default\" data-offset=\"\"><div class=\"vc_column_wrapper clearfix\">\n\t<div class=\"vc_col-sm-12  wpb_column vc_column_container   list-none    text-align-none  text-rp-left \">\n\t\n\t\t<div class=\"wpb_wrapper\">\n\t\t\t<div class=\"cms-heading-wrapper heading-layout1 \">\r\n    <div class=\"row\">\r\n        <div class=\"cms-heading-inner col-xs-12 col-sm-6 col-md-6 col-lg-6\">\r\n            <div class=\"cms-heading-content\">\r\n                <span class=\"line-title\"><\/span>\r\n                                    <span class=\"subtitle\" style=\"color:;\">H\u00e1ganos llegar su mensaje<\/span>\r\n                 \r\n                <h3 class=\"title\" style=\"color:;\">Contacte con nosotros<\/h3>\r\n                                    <div class=\"description\" style=\"color:;\"> <p>Puede utilizar los distintos mecanismos que se detallan en esta p\u00e1gina para contactar con nosotros y exponernos su cuesti\u00f3n, duda o solicitar una cita para conocernos personalmente. En cualquier caso estaremos encantados de hablar con usted. <\/p>\n<\/div>\r\n                            <\/div>\r\n        <\/div>\r\n            <\/div>\r\n<\/div><div class=\"vc_empty_space\"  style=\"height: 43px\" ><span class=\"vc_empty_space_inner\"><\/span><\/div>\n\n\t\t<\/div> \n\t<\/div> \n<\/div><\/div><div class=\"vc_row wpb_row vc_row-fluid column-default\" data-offset=\"\"><div class=\"vc_column_wrapper clearfix\">\n\t<div class=\"vc_col-sm-8  wpb_column vc_column_container   list-none    text-align-none  text-rp-left \">\n\t\n\t\t<div class=\"wpb_wrapper\">\n\t\t\t\n<div class=\"wpcf7 no-js\" id=\"wpcf7-f1097-o1\" lang=\"en-US\" dir=\"ltr\" data-wpcf7-id=\"1097\">\n<div class=\"screen-reader-response\"><p role=\"status\" aria-live=\"polite\" aria-atomic=\"true\"><\/p> <ul><\/ul><\/div>\n<form action=\"\/index.php?rest_route=%2Fwp%2Fv2%2Fpages%2F215#wpcf7-f1097-o1\" method=\"post\" class=\"wpcf7-form init\" aria-label=\"Contact form\" novalidate=\"novalidate\" data-status=\"init\">\n<fieldset class=\"hidden-fields-container\"><input type=\"hidden\" name=\"_wpcf7\" value=\"1097\" \/><input type=\"hidden\" name=\"_wpcf7_version\" value=\"6.1.3\" \/><input type=\"hidden\" name=\"_wpcf7_locale\" value=\"en_US\" \/><input type=\"hidden\" name=\"_wpcf7_unit_tag\" value=\"wpcf7-f1097-o1\" \/><input type=\"hidden\" name=\"_wpcf7_container_post\" value=\"0\" \/><input type=\"hidden\" name=\"_wpcf7_posted_data_hash\" value=\"\" \/>\n<\/fieldset>\n<div class=\"row\">\n\t<div class=\"col-xs-12 col-sm-6 col-md-6 col-lg-6\">\n\t\t<div class=\"wpcf7-form-item\">\n\t\t\t<p><span class=\"wpcf7-form-control-wrap\" data-name=\"name\"><input size=\"40\" maxlength=\"400\" class=\"wpcf7-form-control wpcf7-text wpcf7-validates-as-required\" aria-required=\"true\" aria-invalid=\"false\" placeholder=\"NOMBRE\" value=\"\" type=\"text\" name=\"name\" \/><\/span>\n\t\t\t<\/p>\n\t\t<\/div>\n\t<\/div>\n\t<div class=\"col-xs-12 col-sm-6 col-md-6 col-lg-6\">\n\t\t<div class=\"wpcf7-form-item\">\n\t\t\t<p><span class=\"wpcf7-form-control-wrap\" data-name=\"email\"><input size=\"40\" maxlength=\"400\" class=\"wpcf7-form-control wpcf7-email wpcf7-validates-as-required wpcf7-text wpcf7-validates-as-email\" aria-required=\"true\" aria-invalid=\"false\" placeholder=\"CORREO ELECTR\u00d3NICO\" value=\"\" type=\"email\" name=\"email\" \/><\/span>\n\t\t\t<\/p>\n\t\t<\/div>\n\t<\/div>\n<\/div>\n<div class=\"row\">\n\t<div class=\"col-xs-12 col-sm-12 col-md-12 col-lg-12\">\n\t\t<div class=\"wpcf7-form-item\">\n\t\t\t<p><span class=\"wpcf7-form-control-wrap\" data-name=\"name\"><input size=\"40\" maxlength=\"400\" class=\"wpcf7-form-control wpcf7-text wpcf7-validates-as-required\" aria-required=\"true\" aria-invalid=\"false\" placeholder=\"ASUNTO\" value=\"\" type=\"text\" name=\"name\" \/><\/span>\n\t\t\t<\/p>\n\t\t<\/div>\n\t<\/div>\n<\/div>\n<div class=\"row\">\n\t<div class=\"col-xs-12 col-sm-12 col-md-12 col-lg-12\">\n\t\t<div class=\"wpcf7-form-item\">\n\t\t\t<p><span class=\"wpcf7-form-control-wrap\" data-name=\"message\"><textarea cols=\"40\" rows=\"10\" maxlength=\"2000\" class=\"wpcf7-form-control wpcf7-textarea wpcf7-validates-as-required\" aria-required=\"true\" aria-invalid=\"false\" placeholder=\"MENSAJE\" name=\"message\"><\/textarea><\/span>\n\t\t\t<\/p>\n\t\t<\/div>\n\t<\/div>\n<\/div>\n<div class=\"row\" style=\"padding-top: 10px;\">\n\t<div class=\"col-xs-12 col-sm-12 col-md-12 col-lg-12\">\n\t\t<p><input class=\"wpcf7-form-control wpcf7-submit has-spinner btn btn-primary btn-lg\" type=\"submit\" value=\"Enviar mensaje\" \/>\n\t\t<\/p>\n\t<\/div>\n<\/div><div class=\"wpcf7-response-output\" aria-hidden=\"true\"><\/div>\n<\/form>\n<\/div>\n<div class=\"vc_empty_space\"  style=\"height: 30px\" ><span class=\"vc_empty_space_inner\"><\/span><\/div>\n\n\t\t<\/div> \n\t<\/div> \n\n\t<div class=\"vc_col-sm-4  wpb_column vc_column_container   list-none    text-align-none  text-rp-left \">\n\t\n\t\t<div class=\"wpb_wrapper\">\n\t\t\t\n\t<div class=\"wpb_text_column wpb_content_element \">\n\t\t<div class=\"wpb_wrapper\">\n\t\t\t<p>Nosquera 10 Abogados &amp; Asesores<\/p>\n\n\t\t<\/div>\n\t<\/div>\n<div class=\"vc_empty_space\"  style=\"height: 20px\" ><span class=\"vc_empty_space_inner\"><\/span><\/div>\n<div class=\"vc_row wpb_row vc_inner vc_row-fluid column-default\"><div class=\"vc_column_wrapper clearfix\">\n\t<div class=\"vc_col-sm-6  wpb_column vc_column_container   list-none    text-align-none  text-rp-left \">\n\t\n\t\t<div class=\"wpb_wrapper\">\n\t\t\t\n\t<div class=\"wpb_raw_code wpb_content_element wpb_raw_html\">\n\t\t<div class=\"wpb_wrapper\">\n\t\t\t<span class=\"color-primary block\">Tel\u00e9fonos:<\/span>\n<div class=\"page-get-contact\">\n\t<ul>\n\t\t<li><i class=\"fa  fa-phone\"><\/i> 952 211 368 <\/li>\n\t\t<li><i class=\"fa  fa-phone\"><\/i> 952 601 803 <\/li>\n\t\t<!--<li><i class=\"fa  fa-fax\"><\/i>+ 2 01065370701<\/li>-->\n\t<\/ul>\n<\/div>\n\n\t\t<\/div>\n\t<\/div>\n\n\t\t<\/div> \n\t<\/div> \n\n\t<div class=\"vc_col-sm-6  wpb_column vc_column_container   list-none    text-align-none  text-rp-left \">\n\t\n\t\t<div class=\"wpb_wrapper\">\n\t\t\t\n\t<div class=\"wpb_raw_code wpb_content_element wpb_raw_html\">\n\t\t<div class=\"wpb_wrapper\">\n\t\t\t<span class=\"color-primary block\">Correo electr\u00f3nico:<\/span>\n<div class=\"page-get-contact\">\n\t<ul>\n\t\t<li><i class=\"fa   fa-envelope\"><\/i>info@www.nosquera10.com.mialias.net<\/li>\n\t<\/ul>\n<\/div>\n\t\t<\/div>\n\t<\/div>\n\n\t\t<\/div> \n\t<\/div> \n<\/div><\/div><div class=\"vc_row wpb_row vc_inner vc_row-fluid column-default\"><div class=\"vc_column_wrapper clearfix\">\n\t<div class=\"vc_col-sm-12  wpb_column vc_column_container   list-none    text-align-none  text-rp-left \">\n\t\n\t\t<div class=\"wpb_wrapper\">\n\t\t\t\n\t<div class=\"wpb_raw_code wpb_content_element wpb_raw_html\">\n\t\t<div class=\"wpb_wrapper\">\n\t\t\t<span class=\"color-primary block\">Direcci\u00f3n:<\/span>\n<div class=\"page-get-contact\">\n\t<ul>\n\t\t<li><i class=\"fa fa-map-marker\"><\/i> Calle Nosquera, 10, 1\u00ba Izquierda \u2022 29008 M\u00e1laga<a href=\"#mapa\">Ver localizaci\u00f3n en el mapa<\/a><\/li>\n\t<\/ul>\n<\/div>\n\t\t<\/div>\n\t<\/div>\n\n\t\t<\/div> \n\t<\/div> \n<\/div><\/div>\n\t\t<\/div> \n\t<\/div> \n<\/div><\/div><div id=\"mapa\" data-vc-full-width=\"true\" data-vc-full-width-init=\"false\" data-vc-stretch-content=\"true\" class=\"vc_row wpb_row vc_row-fluid vc_row-no-padding column-default\" data-offset=\"\"><div class=\"vc_column_wrapper clearfix\">\n\t<div class=\"vc_col-sm-12  wpb_column vc_column_container   list-none    text-align-none  text-rp-left \">\n\t\n\t\t<div class=\"wpb_wrapper\">\n\t\t\t<div class=\"vc_empty_space\"  style=\"height: 60px\" ><span class=\"vc_empty_space_inner\"><\/span><\/div>\n\n\t\t<\/div> \n\t<\/div> \n<\/div><\/div><div class=\"vc_row-full-width\"><\/div>\n","protected":false},"excerpt":{"rendered":"H\u00e1ganos llegar su mensaje Contacte con nosotros Puede utilizar los distintos mecanismos que se detallan en esta p\u00e1gina para contactar con nosotros y exponernos su cuesti\u00f3n, duda o solicitar una cita para conocernos personalmente. En cualquier caso estaremos encantados de hablar con usted. Nosquera 10 Abogados &amp; Asesores Tel\u00e9fonos: 952 211 368 952 601 803 [...]","protected":false},"author":1,"featured_media":0,"parent":0,"menu_order":0,"comment_status":"closed","ping_status":"closed","template":"","meta":{"footnotes":""},"class_list":["post-215","page","type-page","status-publish","hentry"],"yoast_head":"<!-- This site is optimized with the Yoast SEO plugin v23.8 - https:\/\/yoast.com\/wordpress\/plugins\/seo\/ -->\n<title>Contacto - Nosquera 10<\/title>\n<meta name=\"robots\" content=\"index, follow, max-snippet:-1, max-image-preview:large, max-video-preview:-1\" \/>\n<link rel=\"canonical\" href=\"https:\/\/nosquera10.com\/?page_id=215\" \/>\n<meta property=\"og:locale\" content=\"es_ES\" \/>\n<meta property=\"og:type\" content=\"article\" \/>\n<meta property=\"og:title\" content=\"Contacto - Nosquera 10\" \/>\n<meta property=\"og:url\" content=\"https:\/\/nosquera10.com\/?page_id=215\" \/>\n<meta property=\"og:site_name\" content=\"Nosquera 10\" \/>\n<meta property=\"article:modified_time\" content=\"2024-01-19T08:02:49+00:00\" \/>\n<meta name=\"twitter:label1\" content=\"Tiempo de lectura\" \/>\n\t<meta name=\"twitter:data1\" content=\"1 minuto\" \/>\n<script type=\"application\/ld+json\" class=\"yoast-schema-graph\">{\"@context\":\"https:\/\/schema.org\",\"@graph\":[{\"@type\":\"WebPage\",\"@id\":\"https:\/\/nosquera10.com\/?page_id=215\",\"url\":\"https:\/\/nosquera10.com\/?page_id=215\",\"name\":\"Contacto - Nosquera 10\",\"isPartOf\":{\"@id\":\"https:\/\/nosquera10.com\/#website\"},\"datePublished\":\"2015-09-30T09:01:34+00:00\",\"dateModified\":\"2024-01-19T08:02:49+00:00\",\"breadcrumb\":{\"@id\":\"https:\/\/nosquera10.com\/?page_id=215#breadcrumb\"},\"inLanguage\":\"es\",\"potentialAction\":[{\"@type\":\"ReadAction\",\"target\":[\"https:\/\/nosquera10.com\/?page_id=215\"]}]},{\"@type\":\"BreadcrumbList\",\"@id\":\"https:\/\/nosquera10.com\/?page_id=215#breadcrumb\",\"itemListElement\":[{\"@type\":\"ListItem\",\"position\":1,\"name\":\"Portada\",\"item\":\"https:\/\/nosquera10.com\/\"},{\"@type\":\"ListItem\",\"position\":2,\"name\":\"Contacto\"}]},{\"@type\":\"WebSite\",\"@id\":\"https:\/\/nosquera10.com\/#website\",\"url\":\"https:\/\/nosquera10.com\/\",\"name\":\"Nosquera 10\",\"description\":\"\",\"potentialAction\":[{\"@type\":\"SearchAction\",\"target\":{\"@type\":\"EntryPoint\",\"urlTemplate\":\"https:\/\/nosquera10.com\/?s={search_term_string}\"},\"query-input\":{\"@type\":\"PropertyValueSpecification\",\"valueRequired\":true,\"valueName\":\"search_term_string\"}}],\"inLanguage\":\"es\"}]}<\/script>\n<!-- \/ Yoast SEO plugin. -->","yoast_head_json":{"title":"Contacto - Nosquera 10","robots":{"index":"index","follow":"follow","max-snippet":"max-snippet:-1","max-image-preview":"max-image-preview:large","max-video-preview":"max-video-preview:-1"},"canonical":"https:\/\/nosquera10.com\/?page_id=215","og_locale":"es_ES","og_type":"article","og_title":"Contacto - Nosquera 10","og_url":"https:\/\/nosquera10.com\/?page_id=215","og_site_name":"Nosquera 10","article_modified_time":"2024-01-19T08:02:49+00:00","twitter_misc":{"Tiempo de lectura":"1 minuto"},"schema":{"@context":"https:\/\/schema.org","@graph":[{"@type":"WebPage","@id":"https:\/\/nosquera10.com\/?page_id=215","url":"https:\/\/nosquera10.com\/?page_id=215","name":"Contacto - Nosquera 10","isPartOf":{"@id":"https:\/\/nosquera10.com\/#website"},"datePublished":"2015-09-30T09:01:34+00:00","dateModified":"2024-01-19T08:02:49+00:00","breadcrumb":{"@id":"https:\/\/nosquera10.com\/?page_id=215#breadcrumb"},"inLanguage":"es","potentialAction":[{"@type":"ReadAction","target":["https:\/\/nosquera10.com\/?page_id=215"]}]},{"@type":"BreadcrumbList","@id":"https:\/\/nosquera10.com\/?page_id=215#breadcrumb","itemListElement":[{"@type":"ListItem","position":1,"name":"Portada","item":"https:\/\/nosquera10.com\/"},{"@type":"ListItem","position":2,"name":"Contacto"}]},{"@type":"WebSite","@id":"https:\/\/nosquera10.com\/#website","url":"https:\/\/nosquera10.com\/","name":"Nosquera 10","description":"","potentialAction":[{"@type":"SearchAction","target":{"@type":"EntryPoint","urlTemplate":"https:\/\/nosquera10.com\/?s={search_term_string}"},"query-input":{"@type":"PropertyValueSpecification","valueRequired":true,"valueName":"search_term_string"}}],"inLanguage":"es"}]}},"_links":{"self":[{"href":"https:\/\/nosquera10.com\/index.php?rest_route=\/wp\/v2\/pages\/215","targetHints":{"allow":["GET"]}}],"collection":[{"href":"https:\/\/nosquera10.com\/index.php?rest_route=\/wp\/v2\/pages"}],"about":[{"href":"https:\/\/nosquera10.com\/index.php?rest_route=\/wp\/v2\/types\/page"}],"author":[{"embeddable":true,"href":"https:\/\/nosquera10.com\/index.php?rest_route=\/wp\/v2\/users\/1"}],"replies":[{"embeddable":true,"href":"https:\/\/nosquera10.com\/index.php?rest_route=%2Fwp%2Fv2%2Fcomments&post=215"}],"version-history":[{"count":9,"href":"https:\/\/nosquera10.com\/index.php?rest_route=\/wp\/v2\/pages\/215\/revisions"}],"predecessor-version":[{"id":1937,"href":"https:\/\/nosquera10.com\/index.php?rest_route=\/wp\/v2\/pages\/215\/revisions\/1937"}],"wp:attachment":[{"href":"https:\/\/nosquera10.com\/index.php?rest_route=%2Fwp%2Fv2%2Fmedia&parent=215"}],"curies":[{"name":"wp","href":"https:\/\/api.w.org\/{rel}","templated":true}]}}