{"id":528,"date":"2015-10-06T09:47:08","date_gmt":"2015-10-06T09:47:08","guid":{"rendered":"http:\/\/tn.joomexp.com\/wordpress\/wp-trust\/?page_id=528"},"modified":"2016-01-07T12:52:47","modified_gmt":"2016-01-07T12:52:47","slug":"personal","status":"publish","type":"page","link":"https:\/\/nosquera10.com\/?page_id=528","title":{"rendered":"Equipo"},"content":{"rendered":"<div class=\"vc_row wpb_row vc_row-fluid column-default\" data-offset=\"\"><div class=\"vc_column_wrapper clearfix\">\n\t<div class=\"vc_col-sm-12  wpb_column vc_column_container   list-none    text-align-none  text-rp-left \">\n\t\n\t\t<div class=\"wpb_wrapper\">\n\t\t\t<div class=\"vc_empty_space\"  style=\"height: 5px\" ><span class=\"vc_empty_space_inner\"><\/span><\/div>\n<div class=\"layout-attorney attorney-layout1 filtrer-center cms-grid-wraper template-cms_grid--layout-attorneys1 \" id=\"cms-grid\">\r\n        <div class=\"clearfix row cms-grid\">\r\n                    <div class=\"cms-grid-item cms-attorney-item cms-grid-item col-lg-3 col-md-4 col-sm-6 col-xs-12\" data-groups='[\"all\",\"category-derecho\"]'>\r\n                <div class=\"cms-grid-item-inner\">\r\n                    <div class=\"cms-attorney-image\">\r\n                        <div class=\"cms-grid-media  has-thumbnail\"><img loading=\"lazy\" decoding=\"async\" width=\"400\" height=\"550\" src=\"https:\/\/nosquera10.com\/wp-content\/uploads\/2015\/12\/antonio.jpg\" class=\"attachment-full size-full wp-post-image\" alt=\"Antonio Gil Reina, abogado en M\u00e1laga - Nosquera 10 abogados y asesores\" srcset=\"https:\/\/nosquera10.com\/wp-content\/uploads\/2015\/12\/antonio.jpg 400w, https:\/\/nosquera10.com\/wp-content\/uploads\/2015\/12\/antonio-218x300.jpg 218w\" sizes=\"auto, (max-width: 400px) 100vw, 400px\" \/><\/div>                        <div class=\"content-hover text-center\">\r\n                            <div class=\"content-hover-inner\">\r\n                                <div class=\"content\">\r\n                                    Abogado de Nosquera 10 Abogados &amp; Asesores especializado en las ramas del Derecho Civil, Derecho de Familia, Derecho de Menores, Penal, de la construcci\u00f3n y Mercantil.                                <\/div>\r\n                                <div class=\"cms-attorney-social\">\r\n                                                                    <\/div>\r\n                            <\/div>\r\n                        <\/div>\r\n                    <\/div>\r\n                    <div class=\"cms-attorney-meta text-center\">\r\n                        <h3><a href=\"https:\/\/nosquera10.com\/?attorneys=antonio-gil-reina\" >Antonio Gil Reina <\/a><\/h3>\r\n                        <div class=\"cms-attorney-position\">\r\n                            Abogado                        <\/div>\r\n                    <\/div>\r\n                <\/div>\r\n            <\/div>\r\n                        <div class=\"cms-grid-item cms-attorney-item cms-grid-item col-lg-3 col-md-4 col-sm-6 col-xs-12\" data-groups='[\"all\",\"category-derecho\"]'>\r\n                <div class=\"cms-grid-item-inner\">\r\n                    <div class=\"cms-attorney-image\">\r\n                        <div class=\"cms-grid-media  has-thumbnail\"><img loading=\"lazy\" decoding=\"async\" width=\"400\" height=\"550\" src=\"https:\/\/nosquera10.com\/wp-content\/uploads\/2015\/12\/alejandro.jpg\" class=\"attachment-full size-full wp-post-image\" alt=\"Alejandro G\u00f3mez Varo Abogado\" srcset=\"https:\/\/nosquera10.com\/wp-content\/uploads\/2015\/12\/alejandro.jpg 400w, https:\/\/nosquera10.com\/wp-content\/uploads\/2015\/12\/alejandro-218x300.jpg 218w\" sizes=\"auto, (max-width: 400px) 100vw, 400px\" \/><\/div>                        <div class=\"content-hover text-center\">\r\n                            <div class=\"content-hover-inner\">\r\n                                <div class=\"content\">\r\n                                    Abogado de Nosquera 10 Abogados &amp; Asesores especializado en las ramas en las ramas de Derecho Civil, Derecho de Familia, Derecho de Menores, Penal y Mercantil.                                <\/div>\r\n                                <div class=\"cms-attorney-social\">\r\n                                                                    <\/div>\r\n                            <\/div>\r\n                        <\/div>\r\n                    <\/div>\r\n                    <div class=\"cms-attorney-meta text-center\">\r\n                        <h3><a href=\"https:\/\/nosquera10.com\/?attorneys=alejandro-gomez-varo\" >Alejandro G\u00f3mez Varo <\/a><\/h3>\r\n                        <div class=\"cms-attorney-position\">\r\n                            Abogado                        <\/div>\r\n                    <\/div>\r\n                <\/div>\r\n            <\/div>\r\n                        <div class=\"cms-grid-item cms-attorney-item cms-grid-item col-lg-3 col-md-4 col-sm-6 col-xs-12\" data-groups='[\"all\",\"category-asesoria-contable\",\"category-asesoria-fiscal-y-laboral\"]'>\r\n                <div class=\"cms-grid-item-inner\">\r\n                    <div class=\"cms-attorney-image\">\r\n                        <div class=\"cms-grid-media  has-thumbnail\"><img loading=\"lazy\" decoding=\"async\" width=\"400\" height=\"550\" src=\"https:\/\/nosquera10.com\/wp-content\/uploads\/2015\/10\/joseluis.jpg\" class=\"attachment-full size-full wp-post-image\" alt=\"Jos\u00e9 Luis Navas - Asesor fiscal y laboral Nosquera 10 Abogados y asesores\" srcset=\"https:\/\/nosquera10.com\/wp-content\/uploads\/2015\/10\/joseluis.jpg 400w, https:\/\/nosquera10.com\/wp-content\/uploads\/2015\/10\/joseluis-218x300.jpg 218w\" sizes=\"auto, (max-width: 400px) 100vw, 400px\" \/><\/div>                        <div class=\"content-hover text-center\">\r\n                            <div class=\"content-hover-inner\">\r\n                                <div class=\"content\">\r\n                                    Especializado en el asesoramiento fiscal, contable y laboral desde hace 20 a\u00f1os.                                <\/div>\r\n                                <div class=\"cms-attorney-social\">\r\n                                                                    <\/div>\r\n                            <\/div>\r\n                        <\/div>\r\n                    <\/div>\r\n                    <div class=\"cms-attorney-meta text-center\">\r\n                        <h3><a href=\"https:\/\/nosquera10.com\/?attorneys=jose-luis-navas-garcia\" >Jos\u00e9 Luis Navas Garc\u00eda <\/a><\/h3>\r\n                        <div class=\"cms-attorney-position\">\r\n                            Economista                        <\/div>\r\n                    <\/div>\r\n                <\/div>\r\n            <\/div>\r\n                        <div class=\"cms-grid-item cms-attorney-item cms-grid-item col-lg-3 col-md-4 col-sm-6 col-xs-12\" data-groups='[\"all\",\"category-asesoria-fiscal-y-laboral\"]'>\r\n                <div class=\"cms-grid-item-inner\">\r\n                    <div class=\"cms-attorney-image\">\r\n                        <div class=\"cms-grid-media  has-thumbnail\"><img loading=\"lazy\" decoding=\"async\" width=\"400\" height=\"550\" src=\"https:\/\/nosquera10.com\/wp-content\/uploads\/2015\/12\/pilar.jpg\" class=\"attachment-full size-full wp-post-image\" alt=\"Pilar Salguero Rodr\u00edguez. Asesor laboral - Nosquera 10 abogados y asesores\" srcset=\"https:\/\/nosquera10.com\/wp-content\/uploads\/2015\/12\/pilar.jpg 400w, https:\/\/nosquera10.com\/wp-content\/uploads\/2015\/12\/pilar-218x300.jpg 218w\" sizes=\"auto, (max-width: 400px) 100vw, 400px\" \/><\/div>                        <div class=\"content-hover text-center\">\r\n                            <div class=\"content-hover-inner\">\r\n                                <div class=\"content\">\r\n                                    Especializada en el asesoramiento laboral.                                <\/div>\r\n                                <div class=\"cms-attorney-social\">\r\n                                                                    <\/div>\r\n                            <\/div>\r\n                        <\/div>\r\n                    <\/div>\r\n                    <div class=\"cms-attorney-meta text-center\">\r\n                        <h3><a href=\"https:\/\/nosquera10.com\/?attorneys=pilar-salguero-rodriguez\" >Pilar Salguero Rodr\u00edguez <\/a><\/h3>\r\n                        <div class=\"cms-attorney-position\">\r\n                            Asesora laboral                        <\/div>\r\n                    <\/div>\r\n                <\/div>\r\n            <\/div>\r\n                        <div class=\"cms-grid-item cms-attorney-item cms-grid-item col-lg-3 col-md-4 col-sm-6 col-xs-12\" data-groups='[\"all\",\"category-formacion\"]'>\r\n                <div class=\"cms-grid-item-inner\">\r\n                    <div class=\"cms-attorney-image\">\r\n                        <div class=\"cms-grid-media  has-thumbnail\"><img loading=\"lazy\" decoding=\"async\" width=\"400\" height=\"550\" src=\"https:\/\/nosquera10.com\/wp-content\/uploads\/2015\/12\/teresa.jpg\" class=\"attachment-full size-full wp-post-image\" alt=\"Teresa Navas Mart\u00edn responsable de formaci\u00f3n - Nosquera 10 abogados y asesores\" srcset=\"https:\/\/nosquera10.com\/wp-content\/uploads\/2015\/12\/teresa.jpg 400w, https:\/\/nosquera10.com\/wp-content\/uploads\/2015\/12\/teresa-218x300.jpg 218w\" sizes=\"auto, (max-width: 400px) 100vw, 400px\" \/><\/div>                        <div class=\"content-hover text-center\">\r\n                            <div class=\"content-hover-inner\">\r\n                                <div class=\"content\">\r\n                                    Responsable del departamento de formaci\u00f3n en Nosquera 10 Abogados &amp; Asesores.                                <\/div>\r\n                                <div class=\"cms-attorney-social\">\r\n                                                                    <\/div>\r\n                            <\/div>\r\n                        <\/div>\r\n                    <\/div>\r\n                    <div class=\"cms-attorney-meta text-center\">\r\n                        <h3><a href=\"https:\/\/nosquera10.com\/?attorneys=teresa-navas-martin\" >Teresa Navas Mart\u00edn <\/a><\/h3>\r\n                        <div class=\"cms-attorney-position\">\r\n                            Responsable de formaci\u00f3n                        <\/div>\r\n                    <\/div>\r\n                <\/div>\r\n            <\/div>\r\n                <\/div>\r\n    <\/div><div class=\"vc_empty_space\"  style=\"height: 60px\" ><span class=\"vc_empty_space_inner\"><\/span><\/div>\n\n\t\t<\/div> \n\t<\/div> \n<\/div><\/div>\n","protected":false},"excerpt":{"rendered":"Experiencia y formaci\u00f3n: Abogado de Nosquera 10 Abogados &amp; Asesores especializado en las ramas del Derecho Civil, Derecho de Familia, Derecho de Menores, Penal, de la construcci\u00f3n y Mercantil. Licenciado en Derecho por la Universidad de M\u00e1laga. Miembro del Ilustre Colegio de Abogados de M\u00e1laga desde 1993. T\u00edtulo de Experto Universitario en Derecho Concursal. T\u00edtulo [...]","protected":false},"author":1,"featured_media":0,"parent":0,"menu_order":0,"comment_status":"closed","ping_status":"closed","template":"","meta":{"footnotes":""},"class_list":["post-528","page","type-page","status-publish","hentry"],"yoast_head":"<!-- This site is optimized with the Yoast SEO plugin v23.8 - https:\/\/yoast.com\/wordpress\/plugins\/seo\/ -->\n<title>Equipo - Nosquera 10<\/title>\n<meta name=\"robots\" content=\"index, follow, max-snippet:-1, max-image-preview:large, max-video-preview:-1\" \/>\n<link rel=\"canonical\" href=\"https:\/\/nosquera10.com\/?page_id=528\" \/>\n<meta property=\"og:locale\" content=\"es_ES\" \/>\n<meta property=\"og:type\" content=\"article\" \/>\n<meta property=\"og:title\" content=\"Equipo - Nosquera 10\" \/>\n<meta property=\"og:url\" content=\"https:\/\/nosquera10.com\/?page_id=528\" \/>\n<meta property=\"og:site_name\" content=\"Nosquera 10\" \/>\n<meta property=\"article:modified_time\" content=\"2016-01-07T12:52:47+00:00\" \/>\n<script type=\"application\/ld+json\" class=\"yoast-schema-graph\">{\"@context\":\"https:\/\/schema.org\",\"@graph\":[{\"@type\":\"WebPage\",\"@id\":\"https:\/\/nosquera10.com\/?page_id=528\",\"url\":\"https:\/\/nosquera10.com\/?page_id=528\",\"name\":\"Equipo - Nosquera 10\",\"isPartOf\":{\"@id\":\"https:\/\/nosquera10.com\/#website\"},\"datePublished\":\"2015-10-06T09:47:08+00:00\",\"dateModified\":\"2016-01-07T12:52:47+00:00\",\"breadcrumb\":{\"@id\":\"https:\/\/nosquera10.com\/?page_id=528#breadcrumb\"},\"inLanguage\":\"es\",\"potentialAction\":[{\"@type\":\"ReadAction\",\"target\":[\"https:\/\/nosquera10.com\/?page_id=528\"]}]},{\"@type\":\"BreadcrumbList\",\"@id\":\"https:\/\/nosquera10.com\/?page_id=528#breadcrumb\",\"itemListElement\":[{\"@type\":\"ListItem\",\"position\":1,\"name\":\"Portada\",\"item\":\"https:\/\/nosquera10.com\/\"},{\"@type\":\"ListItem\",\"position\":2,\"name\":\"Equipo\"}]},{\"@type\":\"WebSite\",\"@id\":\"https:\/\/nosquera10.com\/#website\",\"url\":\"https:\/\/nosquera10.com\/\",\"name\":\"Nosquera 10\",\"description\":\"\",\"potentialAction\":[{\"@type\":\"SearchAction\",\"target\":{\"@type\":\"EntryPoint\",\"urlTemplate\":\"https:\/\/nosquera10.com\/?s={search_term_string}\"},\"query-input\":{\"@type\":\"PropertyValueSpecification\",\"valueRequired\":true,\"valueName\":\"search_term_string\"}}],\"inLanguage\":\"es\"}]}<\/script>\n<!-- \/ Yoast SEO plugin. -->","yoast_head_json":{"title":"Equipo - Nosquera 10","robots":{"index":"index","follow":"follow","max-snippet":"max-snippet:-1","max-image-preview":"max-image-preview:large","max-video-preview":"max-video-preview:-1"},"canonical":"https:\/\/nosquera10.com\/?page_id=528","og_locale":"es_ES","og_type":"article","og_title":"Equipo - Nosquera 10","og_url":"https:\/\/nosquera10.com\/?page_id=528","og_site_name":"Nosquera 10","article_modified_time":"2016-01-07T12:52:47+00:00","schema":{"@context":"https:\/\/schema.org","@graph":[{"@type":"WebPage","@id":"https:\/\/nosquera10.com\/?page_id=528","url":"https:\/\/nosquera10.com\/?page_id=528","name":"Equipo - Nosquera 10","isPartOf":{"@id":"https:\/\/nosquera10.com\/#website"},"datePublished":"2015-10-06T09:47:08+00:00","dateModified":"2016-01-07T12:52:47+00:00","breadcrumb":{"@id":"https:\/\/nosquera10.com\/?page_id=528#breadcrumb"},"inLanguage":"es","potentialAction":[{"@type":"ReadAction","target":["https:\/\/nosquera10.com\/?page_id=528"]}]},{"@type":"BreadcrumbList","@id":"https:\/\/nosquera10.com\/?page_id=528#breadcrumb","itemListElement":[{"@type":"ListItem","position":1,"name":"Portada","item":"https:\/\/nosquera10.com\/"},{"@type":"ListItem","position":2,"name":"Equipo"}]},{"@type":"WebSite","@id":"https:\/\/nosquera10.com\/#website","url":"https:\/\/nosquera10.com\/","name":"Nosquera 10","description":"","potentialAction":[{"@type":"SearchAction","target":{"@type":"EntryPoint","urlTemplate":"https:\/\/nosquera10.com\/?s={search_term_string}"},"query-input":{"@type":"PropertyValueSpecification","valueRequired":true,"valueName":"search_term_string"}}],"inLanguage":"es"}]}},"_links":{"self":[{"href":"https:\/\/nosquera10.com\/index.php?rest_route=\/wp\/v2\/pages\/528","targetHints":{"allow":["GET"]}}],"collection":[{"href":"https:\/\/nosquera10.com\/index.php?rest_route=\/wp\/v2\/pages"}],"about":[{"href":"https:\/\/nosquera10.com\/index.php?rest_route=\/wp\/v2\/types\/page"}],"author":[{"embeddable":true,"href":"https:\/\/nosquera10.com\/index.php?rest_route=\/wp\/v2\/users\/1"}],"replies":[{"embeddable":true,"href":"https:\/\/nosquera10.com\/index.php?rest_route=%2Fwp%2Fv2%2Fcomments&post=528"}],"version-history":[{"count":16,"href":"https:\/\/nosquera10.com\/index.php?rest_route=\/wp\/v2\/pages\/528\/revisions"}],"predecessor-version":[{"id":1822,"href":"https:\/\/nosquera10.com\/index.php?rest_route=\/wp\/v2\/pages\/528\/revisions\/1822"}],"wp:attachment":[{"href":"https:\/\/nosquera10.com\/index.php?rest_route=%2Fwp%2Fv2%2Fmedia&parent=528"}],"curies":[{"name":"wp","href":"https:\/\/api.w.org\/{rel}","templated":true}]}}