{"id":556,"date":"2015-10-08T03:19:45","date_gmt":"2015-10-08T03:19:45","guid":{"rendered":"http:\/\/tn.joomexp.com\/wordpress\/wp-trust\/?page_id=556"},"modified":"2016-01-04T09:50:15","modified_gmt":"2016-01-04T09:50:15","slug":"areas-de-trabajo","status":"publish","type":"page","link":"https:\/\/nosquera10.com\/?page_id=556","title":{"rendered":"\u00c1reas de trabajo"},"content":{"rendered":"<div class=\"vc_row wpb_row vc_row-fluid column-default\" data-offset=\"\"><div class=\"vc_column_wrapper clearfix\">\n\t<div class=\"vc_col-sm-12  wpb_column vc_column_container   list-none    text-align-none  text-rp-left \">\n\t\n\t\t<div class=\"wpb_wrapper\">\n\t\t\t<div class=\"vc_empty_space\"  style=\"height: 5px\" ><span class=\"vc_empty_space_inner\"><\/span><\/div>\n<div class=\"layout-practice practice-layout2 practice-layout7 filtrer-center cms-grid-wraper template-cms_grid--layout-practice7 \" id=\"cms-grid\">\r\n        <div class=\"clearfix row cms-grid\">\r\n                    <div class=\"cms-grid-item cms-practice-item cms-grid-item col-lg-4 col-md-4 col-sm-6 col-xs-12\" data-groups='[\"all\",\"category-derecho\"]'>\r\n                <div class=\"cms-grid-item-inner\">\r\n                    <div class=\"cms-practice-content\">\r\n                        <span class=\"cmsline\"><\/span>\r\n                        <span class=\"cms-practice-subtitle\">\r\n                            Responsabilidades y derechos                        <\/span>\r\n                        <h3 class=\"cms-practice-title\">\r\n                            <a href=\"https:\/\/nosquera10.com\/?practice=derecho-civil\">Derecho civil<\/a>\r\n                            <i class=\"fa  fa-fire\"><\/i>\r\n                        <\/h3>\r\n                        <div class=\"cms-practice-content-inner\">\r\n                                                    <\/div>\r\n                    <\/div>\r\n                <\/div>\r\n            <\/div>\r\n                        <div class=\"cms-grid-item cms-practice-item cms-grid-item col-lg-4 col-md-4 col-sm-6 col-xs-12\" data-groups='[\"all\",\"category-derecho\"]'>\r\n                <div class=\"cms-grid-item-inner\">\r\n                    <div class=\"cms-practice-content\">\r\n                        <span class=\"cmsline\"><\/span>\r\n                        <span class=\"cms-practice-subtitle\">\r\n                            Normas legales relacionadas con las actividades bancarias.                        <\/span>\r\n                        <h3 class=\"cms-practice-title\">\r\n                            <a href=\"https:\/\/nosquera10.com\/?practice=derecho-bancario\">Derecho bancario<\/a>\r\n                            <i class=\"fa fa-university\"><\/i>\r\n                        <\/h3>\r\n                        <div class=\"cms-practice-content-inner\">\r\n                                                    <\/div>\r\n                    <\/div>\r\n                <\/div>\r\n            <\/div>\r\n                        <div class=\"cms-grid-item cms-practice-item cms-grid-item col-lg-4 col-md-4 col-sm-6 col-xs-12\" data-groups='[\"all\",\"category-derecho\"]'>\r\n                <div class=\"cms-grid-item-inner\">\r\n                    <div class=\"cms-practice-content\">\r\n                        <span class=\"cmsline\"><\/span>\r\n                        <span class=\"cms-practice-subtitle\">\r\n                            Comercio y comerciantes                        <\/span>\r\n                        <h3 class=\"cms-practice-title\">\r\n                            <a href=\"https:\/\/nosquera10.com\/?practice=derecho-mercantil\">Derecho mercantil<\/a>\r\n                            <i class=\"fa fa-credit-card\"><\/i>\r\n                        <\/h3>\r\n                        <div class=\"cms-practice-content-inner\">\r\n                                                    <\/div>\r\n                    <\/div>\r\n                <\/div>\r\n            <\/div>\r\n                        <div class=\"cms-grid-item cms-practice-item cms-grid-item col-lg-4 col-md-4 col-sm-6 col-xs-12\" data-groups='[\"all\",\"category-derecho\"]'>\r\n                <div class=\"cms-grid-item-inner\">\r\n                    <div class=\"cms-practice-content\">\r\n                        <span class=\"cmsline\"><\/span>\r\n                        <span class=\"cms-practice-subtitle\">\r\n                            Protecci\u00f3n de derechos                        <\/span>\r\n                        <h3 class=\"cms-practice-title\">\r\n                            <a href=\"https:\/\/nosquera10.com\/?practice=derecho-penal\">Derecho penal<\/a>\r\n                            <i class=\"fa fa-user-secret\"><\/i>\r\n                        <\/h3>\r\n                        <div class=\"cms-practice-content-inner\">\r\n                                                    <\/div>\r\n                    <\/div>\r\n                <\/div>\r\n            <\/div>\r\n                        <div class=\"cms-grid-item cms-practice-item cms-grid-item col-lg-4 col-md-4 col-sm-6 col-xs-12\" data-groups='[\"all\",\"category-derecho\"]'>\r\n                <div class=\"cms-grid-item-inner\">\r\n                    <div class=\"cms-practice-content\">\r\n                        <span class=\"cmsline\"><\/span>\r\n                        <span class=\"cms-practice-subtitle\">\r\n                            Derecho de la construcci\u00f3n                        <\/span>\r\n                        <h3 class=\"cms-practice-title\">\r\n                            <a href=\"https:\/\/nosquera10.com\/?practice=derecho-inmobiliario\">Derecho inmobiliario<\/a>\r\n                            <i class=\"fa fa-building\"><\/i>\r\n                        <\/h3>\r\n                        <div class=\"cms-practice-content-inner\">\r\n                                                    <\/div>\r\n                    <\/div>\r\n                <\/div>\r\n            <\/div>\r\n                        <div class=\"cms-grid-item cms-practice-item cms-grid-item col-lg-4 col-md-4 col-sm-6 col-xs-12\" data-groups='[\"all\",\"category-derecho\"]'>\r\n                <div class=\"cms-grid-item-inner\">\r\n                    <div class=\"cms-practice-content\">\r\n                        <span class=\"cmsline\"><\/span>\r\n                        <span class=\"cms-practice-subtitle\">\r\n                            Reclamaciones ante la Administraci\u00f3n                        <\/span>\r\n                        <h3 class=\"cms-practice-title\">\r\n                            <a href=\"https:\/\/nosquera10.com\/?practice=derecho-administrativo\">Derecho administrativo<\/a>\r\n                            <i class=\"fa fa-briefcase\"><\/i>\r\n                        <\/h3>\r\n                        <div class=\"cms-practice-content-inner\">\r\n                                                    <\/div>\r\n                    <\/div>\r\n                <\/div>\r\n            <\/div>\r\n                        <div class=\"cms-grid-item cms-practice-item cms-grid-item col-lg-4 col-md-4 col-sm-6 col-xs-12\" data-groups='[\"all\",\"category-asesoria-de-empresas\"]'>\r\n                <div class=\"cms-grid-item-inner\">\r\n                    <div class=\"cms-practice-content\">\r\n                        <span class=\"cmsline\"><\/span>\r\n                        <span class=\"cms-practice-subtitle\">\r\n                            Fiscal contable y laboral                        <\/span>\r\n                        <h3 class=\"cms-practice-title\">\r\n                            <a href=\"https:\/\/nosquera10.com\/?practice=asesoramiento-de-empresas\">Asesoramiento de empresas<\/a>\r\n                            <i class=\"fa fa-line-chart\"><\/i>\r\n                        <\/h3>\r\n                        <div class=\"cms-practice-content-inner\">\r\n                                                    <\/div>\r\n                    <\/div>\r\n                <\/div>\r\n            <\/div>\r\n                        <div class=\"cms-grid-item cms-practice-item cms-grid-item col-lg-4 col-md-4 col-sm-6 col-xs-12\" data-groups='[\"all\",\"category-formacion\"]'>\r\n                <div class=\"cms-grid-item-inner\">\r\n                    <div class=\"cms-practice-content\">\r\n                        <span class=\"cmsline\"><\/span>\r\n                        <span class=\"cms-practice-subtitle\">\r\n                            Formaci\u00f3n para su personal                        <\/span>\r\n                        <h3 class=\"cms-practice-title\">\r\n                            <a href=\"https:\/\/nosquera10.com\/?practice=formacion-a-empresas\">Formaci\u00f3n a empresas<\/a>\r\n                            <i class=\"fa fa-book\"><\/i>\r\n                        <\/h3>\r\n                        <div class=\"cms-practice-content-inner\">\r\n                                                    <\/div>\r\n                    <\/div>\r\n                <\/div>\r\n            <\/div>\r\n                <\/div>\r\n<\/div><div class=\"vc_empty_space\"  style=\"height: 36px\" ><span class=\"vc_empty_space_inner\"><\/span><\/div>\n\n\t\t<\/div> \n\t<\/div> \n<\/div><\/div><div data-vc-full-width=\"true\" data-vc-full-width-init=\"false\" class=\"vc_row wpb_row vc_row-fluid vc_custom_1450270854304 column-same-height small-1-column\" data-offset=\"\"><div class=\"custom-row-image hidden-xs hidden-sm\" style=\"background-image: url();\"><\/div><div class=\"vc_column_wrapper clearfix\">\n\t<div class=\"vc_col-sm-6  wpb_column vc_column_container   list-none    text-align-none  text-rp-left \">\n\t\n\t\t<div class=\"wpb_wrapper\">\n\t\t\t\n\t<div class=\"wpb_raw_code wpb_content_element wpb_raw_html\">\n\t\t<div class=\"wpb_wrapper\">\n\t\t\t<div class=\"row-image-holder hidden-xs hidden-sm\"><img loading=\"lazy\" decoding=\"async\" class=\"alignnone size-full wp-image-589\" src=\"https:\/\/nosquera10.com.mialias.net\/wp-content\/uploads\/2015\/12\/bg-page-title_team_nosquera.jpg\" alt=\"Nosquera 10 abogados y asesores\" width=\"500\" height=\"333\" \/><\/div>\n\t\t<\/div>\n\t<\/div>\n\n\t\t<\/div> \n\t<\/div> \n\n\t<div class=\"vc_col-sm-6  wpb_column vc_column_container   list-none    text-align-none  text-rp-left \">\n\t\n\t\t<div class=\"wpb_wrapper\">\n\t\t\t<div class=\"vc_empty_space\"  style=\"height: 40px\" ><span class=\"vc_empty_space_inner\"><\/span><\/div>\n<div class=\"cms-heading-wrapper heading-layout3 \">\r\n    <div class=\"cms-heading-inner\">\r\n        <div class=\"cms-heading-content\">\r\n             \r\n            <h3 class=\"title\" style=\"color:;\">\r\n                ESTAMOS A SU SERVICIO            <\/h3>\r\n                            <div class=\"description\" style=\"color:;\"> <p>En Nosquera 10 Abogados y Asesores nuestro objetivo es proporcionar una asesor\u00eda legal de alta calidad, apoyo a su negocio y resultados para sus asuntos legales.<\/p>\n<p>\n<\/div>\r\n                    <\/div>\r\n    <\/div>\r\n<\/div><div class=\"vc_empty_space\"  style=\"height: 20px\" ><span class=\"vc_empty_space_inner\"><\/span><\/div>\n<div class=\"vc_row wpb_row vc_inner vc_row-fluid column-default\"><div class=\"vc_column_wrapper clearfix\">\n\t<div class=\"vc_col-sm-6  wpb_column vc_column_container   list-none    text-align-none  text-rp-left \">\n\t\n\t\t<div class=\"wpb_wrapper\">\n\t\t\t<div class=\"cms-fancyboxes-wraper cms-fancyboxes-layout1 template-cms_fancybox_single--layout1 content-align-default \" id=\"cms-fancy-box-single\">\r\n        <div class=\"cms-fancyboxes-body\">\r\n        <div class=\"cms-fancybox-item\">\r\n                        <div class=\"icon-left\">\r\n                                    <span class=\"fancy-box-icon\">\r\n                        <i class=\"fa fa-bullhorn\"><\/i>\r\n                    <\/span>\r\n                            <\/div>\r\n            <div class=\"content-right\">\r\n                                <h3 class=\"cms-fancybox-title\">\r\n                    H\u00e1ganos llegar su consulta                <\/h3>\r\n                \r\n                                    <div class=\"fancy-box-content\">\r\n                        <p>Utilice nuestros formularios de correo para hacernos llegar sus dudas o preguntas, nuestro equipo se encargar\u00e1 de responder a la mayor brevedad.<\/p>\n                    <\/div>\r\n                                            <\/div>\r\n            \r\n        <\/div>\r\n    <\/div>\r\n<\/div>\n\t\t<\/div> \n\t<\/div> \n\n\t<div class=\"vc_col-sm-6  wpb_column vc_column_container   list-none    text-align-none  text-rp-left \">\n\t\n\t\t<div class=\"wpb_wrapper\">\n\t\t\t<div class=\"cms-fancyboxes-wraper cms-fancyboxes-layout1 template-cms_fancybox_single--layout1 content-align-default \" id=\"cms-fancy-box-single-2\">\r\n        <div class=\"cms-fancyboxes-body\">\r\n        <div class=\"cms-fancybox-item\">\r\n                        <div class=\"icon-left\">\r\n                                    <span class=\"fancy-box-icon\">\r\n                        <i class=\"fa fa-users\"><\/i>\r\n                    <\/span>\r\n                            <\/div>\r\n            <div class=\"content-right\">\r\n                                <h3 class=\"cms-fancybox-title\">\r\n                    Trabaje con un equipo de garant\u00eda                <\/h3>\r\n                \r\n                                    <div class=\"fancy-box-content\">\r\n                        <p>Porque todos en nuestro equipo tienen contrastada experiencia y una val\u00eda profesional demostrada en el transcurso de su larga trayectoria profesional.<\/p>\n                    <\/div>\r\n                                            <\/div>\r\n            \r\n        <\/div>\r\n    <\/div>\r\n<\/div>\n\t\t<\/div> \n\t<\/div> \n<\/div><\/div><div class=\"vc_empty_space\"  style=\"height: 35px\" ><span class=\"vc_empty_space_inner\"><\/span><\/div>\n\n\t\t<\/div> \n\t<\/div> \n<\/div><\/div><div class=\"vc_row-full-width\"><\/div>\n","protected":false},"excerpt":{"rendered":"Servicios que prestamos \u00a0Divorcios. Separaciones. Tutela. Adopci\u00f3n. Incapacidades. Liquidaci\u00f3n de gananciales. Sucesiones. Herencias. Declaraci\u00f3n de herederos. Testamentos. Tramitaci\u00f3n de las escrituras de herencias. Divisi\u00f3n de patrimonios. Donaciones. Expedientes de dominio. Servidumbres. Contratos civiles. Reclamaciones de impagados. Procedimientos monitorios, cambiarios y declarativos. Reclamaci\u00f3n por responsabilidad civil. Reclamaciones de seguro. Derechos reales. Tercer\u00edas de dominio y de [...]","protected":false},"author":1,"featured_media":0,"parent":0,"menu_order":0,"comment_status":"closed","ping_status":"closed","template":"","meta":{"footnotes":""},"class_list":["post-556","page","type-page","status-publish","hentry"],"yoast_head":"<!-- This site is optimized with the Yoast SEO plugin v23.8 - https:\/\/yoast.com\/wordpress\/plugins\/seo\/ -->\n<title>\u00c1reas de trabajo - Nosquera 10<\/title>\n<meta name=\"robots\" content=\"index, follow, max-snippet:-1, max-image-preview:large, max-video-preview:-1\" \/>\n<link rel=\"canonical\" href=\"https:\/\/nosquera10.com\/?page_id=556\" \/>\n<meta property=\"og:locale\" content=\"es_ES\" \/>\n<meta property=\"og:type\" content=\"article\" \/>\n<meta property=\"og:title\" content=\"\u00c1reas de trabajo - Nosquera 10\" \/>\n<meta property=\"og:url\" content=\"https:\/\/nosquera10.com\/?page_id=556\" \/>\n<meta property=\"og:site_name\" content=\"Nosquera 10\" \/>\n<meta property=\"article:modified_time\" content=\"2016-01-04T09:50:15+00:00\" \/>\n<meta name=\"twitter:label1\" content=\"Tiempo de lectura\" \/>\n\t<meta name=\"twitter:data1\" content=\"1 minuto\" \/>\n<script type=\"application\/ld+json\" class=\"yoast-schema-graph\">{\"@context\":\"https:\/\/schema.org\",\"@graph\":[{\"@type\":\"WebPage\",\"@id\":\"https:\/\/nosquera10.com\/?page_id=556\",\"url\":\"https:\/\/nosquera10.com\/?page_id=556\",\"name\":\"\u00c1reas de trabajo - Nosquera 10\",\"isPartOf\":{\"@id\":\"https:\/\/nosquera10.com\/#website\"},\"datePublished\":\"2015-10-08T03:19:45+00:00\",\"dateModified\":\"2016-01-04T09:50:15+00:00\",\"breadcrumb\":{\"@id\":\"https:\/\/nosquera10.com\/?page_id=556#breadcrumb\"},\"inLanguage\":\"es\",\"potentialAction\":[{\"@type\":\"ReadAction\",\"target\":[\"https:\/\/nosquera10.com\/?page_id=556\"]}]},{\"@type\":\"BreadcrumbList\",\"@id\":\"https:\/\/nosquera10.com\/?page_id=556#breadcrumb\",\"itemListElement\":[{\"@type\":\"ListItem\",\"position\":1,\"name\":\"Portada\",\"item\":\"https:\/\/nosquera10.com\/\"},{\"@type\":\"ListItem\",\"position\":2,\"name\":\"\u00c1reas de trabajo\"}]},{\"@type\":\"WebSite\",\"@id\":\"https:\/\/nosquera10.com\/#website\",\"url\":\"https:\/\/nosquera10.com\/\",\"name\":\"Nosquera 10\",\"description\":\"\",\"potentialAction\":[{\"@type\":\"SearchAction\",\"target\":{\"@type\":\"EntryPoint\",\"urlTemplate\":\"https:\/\/nosquera10.com\/?s={search_term_string}\"},\"query-input\":{\"@type\":\"PropertyValueSpecification\",\"valueRequired\":true,\"valueName\":\"search_term_string\"}}],\"inLanguage\":\"es\"}]}<\/script>\n<!-- \/ Yoast SEO plugin. -->","yoast_head_json":{"title":"\u00c1reas de trabajo - Nosquera 10","robots":{"index":"index","follow":"follow","max-snippet":"max-snippet:-1","max-image-preview":"max-image-preview:large","max-video-preview":"max-video-preview:-1"},"canonical":"https:\/\/nosquera10.com\/?page_id=556","og_locale":"es_ES","og_type":"article","og_title":"\u00c1reas de trabajo - Nosquera 10","og_url":"https:\/\/nosquera10.com\/?page_id=556","og_site_name":"Nosquera 10","article_modified_time":"2016-01-04T09:50:15+00:00","twitter_misc":{"Tiempo de lectura":"1 minuto"},"schema":{"@context":"https:\/\/schema.org","@graph":[{"@type":"WebPage","@id":"https:\/\/nosquera10.com\/?page_id=556","url":"https:\/\/nosquera10.com\/?page_id=556","name":"\u00c1reas de trabajo - Nosquera 10","isPartOf":{"@id":"https:\/\/nosquera10.com\/#website"},"datePublished":"2015-10-08T03:19:45+00:00","dateModified":"2016-01-04T09:50:15+00:00","breadcrumb":{"@id":"https:\/\/nosquera10.com\/?page_id=556#breadcrumb"},"inLanguage":"es","potentialAction":[{"@type":"ReadAction","target":["https:\/\/nosquera10.com\/?page_id=556"]}]},{"@type":"BreadcrumbList","@id":"https:\/\/nosquera10.com\/?page_id=556#breadcrumb","itemListElement":[{"@type":"ListItem","position":1,"name":"Portada","item":"https:\/\/nosquera10.com\/"},{"@type":"ListItem","position":2,"name":"\u00c1reas de trabajo"}]},{"@type":"WebSite","@id":"https:\/\/nosquera10.com\/#website","url":"https:\/\/nosquera10.com\/","name":"Nosquera 10","description":"","potentialAction":[{"@type":"SearchAction","target":{"@type":"EntryPoint","urlTemplate":"https:\/\/nosquera10.com\/?s={search_term_string}"},"query-input":{"@type":"PropertyValueSpecification","valueRequired":true,"valueName":"search_term_string"}}],"inLanguage":"es"}]}},"_links":{"self":[{"href":"https:\/\/nosquera10.com\/index.php?rest_route=\/wp\/v2\/pages\/556","targetHints":{"allow":["GET"]}}],"collection":[{"href":"https:\/\/nosquera10.com\/index.php?rest_route=\/wp\/v2\/pages"}],"about":[{"href":"https:\/\/nosquera10.com\/index.php?rest_route=\/wp\/v2\/types\/page"}],"author":[{"embeddable":true,"href":"https:\/\/nosquera10.com\/index.php?rest_route=\/wp\/v2\/users\/1"}],"replies":[{"embeddable":true,"href":"https:\/\/nosquera10.com\/index.php?rest_route=%2Fwp%2Fv2%2Fcomments&post=556"}],"version-history":[{"count":21,"href":"https:\/\/nosquera10.com\/index.php?rest_route=\/wp\/v2\/pages\/556\/revisions"}],"predecessor-version":[{"id":1810,"href":"https:\/\/nosquera10.com\/index.php?rest_route=\/wp\/v2\/pages\/556\/revisions\/1810"}],"wp:attachment":[{"href":"https:\/\/nosquera10.com\/index.php?rest_route=%2Fwp%2Fv2%2Fmedia&parent=556"}],"curies":[{"name":"wp","href":"https:\/\/api.w.org\/{rel}","templated":true}]}}